{"id":2355,"date":"2024-05-03T10:22:06","date_gmt":"2024-05-03T10:22:06","guid":{"rendered":"https:\/\/www.ionagroup.es\/winxester\/?page_id=2355"},"modified":"2025-05-20T14:31:29","modified_gmt":"2025-05-20T14:31:29","slug":"aviso-legal-iona","status":"publish","type":"page","link":"https:\/\/www.ionagroup.es\/de\/aviso-legal-iona\/","title":{"rendered":"Aviso legal &#8211; IONA Group"},"content":{"rendered":"<div data-elementor-type=\"wp-page\" data-elementor-id=\"2355\" class=\"elementor elementor-2355\" data-elementor-post-type=\"page\">\n\t\t\t\t\t\t<header class=\"elementor-section elementor-top-section elementor-element elementor-element-5c0a7ce wdt-custom-slider-1-section wdt-section-wrap-col elementor-reverse-tablet_extra elementor-reverse-tablet elementor-reverse-mobile_extra elementor-reverse-mobile elementor-section-height-min-height elementor-section-content-middle elementor-section-boxed elementor-section-height-default elementor-section-items-middle\" data-id=\"5c0a7ce\" data-element_type=\"section\" data-e-type=\"section\" data-settings=\"{&quot;background_background&quot;:&quot;classic&quot;,&quot;wdt_bg_image&quot;:{&quot;url&quot;:&quot;&quot;,&quot;id&quot;:&quot;&quot;,&quot;size&quot;:&quot;&quot;},&quot;wdt_bg_image_widescreen&quot;:{&quot;url&quot;:&quot;&quot;,&quot;id&quot;:&quot;&quot;,&quot;size&quot;:&quot;&quot;},&quot;wdt_bg_image_laptop&quot;:{&quot;url&quot;:&quot;&quot;,&quot;id&quot;:&quot;&quot;,&quot;size&quot;:&quot;&quot;},&quot;wdt_bg_image_tablet_extra&quot;:{&quot;url&quot;:&quot;&quot;,&quot;id&quot;:&quot;&quot;,&quot;size&quot;:&quot;&quot;},&quot;wdt_bg_image_tablet&quot;:{&quot;url&quot;:&quot;&quot;,&quot;id&quot;:&quot;&quot;,&quot;size&quot;:&quot;&quot;},&quot;wdt_bg_image_mobile_extra&quot;:{&quot;url&quot;:&quot;&quot;,&quot;id&quot;:&quot;&quot;,&quot;size&quot;:&quot;&quot;},&quot;wdt_bg_image_mobile&quot;:{&quot;url&quot;:&quot;&quot;,&quot;id&quot;:&quot;&quot;,&quot;size&quot;:&quot;&quot;},&quot;wdt_bg_position&quot;:&quot;center center&quot;,&quot;wdt_animation_effect&quot;:&quot;none&quot;}\">\n\t\t\t\t\t\t\t<div class=\"elementor-background-overlay\"><\/div>\n\t\t\t\t\t\t\t<div class=\"elementor-container elementor-column-gap-default\">\n\t\t\t\t\t<div class=\"elementor-column elementor-col-100 elementor-top-column elementor-element elementor-element-1932a3a\" data-id=\"1932a3a\" data-element_type=\"column\" data-e-type=\"column\">\n\t\t\t<div class=\"elementor-widget-wrap elementor-element-populated\">\n\t\t\t\t\t\t<div class=\"elementor-element elementor-element-0cf8056 elementor-widget__width-inherit elementor-widget elementor-widget-image\" data-id=\"0cf8056\" data-element_type=\"widget\" data-e-type=\"widget\" data-settings=\"{&quot;wdt_animation_effect&quot;:&quot;none&quot;}\" data-widget_type=\"image.default\">\n\t\t\t\t<div class=\"elementor-widget-container\">\n\t\t\t\t\t\t\t\t\t\t\t\t\t\t\t<img fetchpriority=\"high\" decoding=\"async\" width=\"640\" height=\"164\" src=\"https:\/\/www.ionagroup.es\/wp-content\/uploads\/2023\/12\/download.png\" class=\"attachment-1536x1536 size-1536x1536 wp-image-1101\" alt=\"\" srcset=\"https:\/\/www.ionagroup.es\/wp-content\/uploads\/2023\/12\/download.png 640w, https:\/\/www.ionagroup.es\/wp-content\/uploads\/2023\/12\/download-300x77.png 300w\" sizes=\"(max-width: 640px) 100vw, 640px\" \/>\t\t\t\t\t\t\t\t\t\t\t\t\t\t\t<\/div>\n\t\t\t\t<\/div>\n\t\t\t\t<div class=\"elementor-element elementor-element-2064044 elementor-widget elementor-widget-heading\" data-id=\"2064044\" data-element_type=\"widget\" data-e-type=\"widget\" data-settings=\"{&quot;wdt_animation_effect&quot;:&quot;none&quot;}\" data-widget_type=\"heading.default\">\n\t\t\t\t<div class=\"elementor-widget-container\">\n\t\t\t\t\t<h2 class=\"elementor-heading-title elementor-size-default\">AVISO LEGAL<\/h2>\t\t\t\t<\/div>\n\t\t\t\t<\/div>\n\t\t\t\t\t<\/div>\n\t\t<\/div>\n\t\t\t\t\t<\/div>\n\t\t<\/header>\n\t\t\t\t<section class=\"elementor-section elementor-top-section elementor-element elementor-element-b62e5d4 elementor-section-boxed elementor-section-height-default elementor-section-height-default\" data-id=\"b62e5d4\" data-element_type=\"section\" data-e-type=\"section\" data-settings=\"{&quot;background_background&quot;:&quot;classic&quot;,&quot;wdt_bg_image&quot;:{&quot;url&quot;:&quot;&quot;,&quot;id&quot;:&quot;&quot;,&quot;size&quot;:&quot;&quot;},&quot;wdt_bg_image_widescreen&quot;:{&quot;url&quot;:&quot;&quot;,&quot;id&quot;:&quot;&quot;,&quot;size&quot;:&quot;&quot;},&quot;wdt_bg_image_laptop&quot;:{&quot;url&quot;:&quot;&quot;,&quot;id&quot;:&quot;&quot;,&quot;size&quot;:&quot;&quot;},&quot;wdt_bg_image_tablet_extra&quot;:{&quot;url&quot;:&quot;&quot;,&quot;id&quot;:&quot;&quot;,&quot;size&quot;:&quot;&quot;},&quot;wdt_bg_image_tablet&quot;:{&quot;url&quot;:&quot;&quot;,&quot;id&quot;:&quot;&quot;,&quot;size&quot;:&quot;&quot;},&quot;wdt_bg_image_mobile_extra&quot;:{&quot;url&quot;:&quot;&quot;,&quot;id&quot;:&quot;&quot;,&quot;size&quot;:&quot;&quot;},&quot;wdt_bg_image_mobile&quot;:{&quot;url&quot;:&quot;&quot;,&quot;id&quot;:&quot;&quot;,&quot;size&quot;:&quot;&quot;},&quot;wdt_bg_position&quot;:&quot;center center&quot;,&quot;wdt_animation_effect&quot;:&quot;none&quot;}\">\n\t\t\t\t\t\t<div class=\"elementor-container elementor-column-gap-default\">\n\t\t\t\t\t<div class=\"elementor-column elementor-col-100 elementor-top-column elementor-element elementor-element-4526589\" data-id=\"4526589\" data-element_type=\"column\" data-e-type=\"column\">\n\t\t\t<div class=\"elementor-widget-wrap elementor-element-populated\">\n\t\t\t\t\t\t<div class=\"elementor-element elementor-element-f217e0f elementor-widget elementor-widget-heading\" data-id=\"f217e0f\" data-element_type=\"widget\" data-e-type=\"widget\" data-settings=\"{&quot;wdt_animation_effect&quot;:&quot;none&quot;}\" data-widget_type=\"heading.default\">\n\t\t\t\t<div class=\"elementor-widget-container\">\n\t\t\t\t\t<h2 class=\"elementor-heading-title elementor-size-default\">AVISO LEGAL<\/h2>\t\t\t\t<\/div>\n\t\t\t\t<\/div>\n\t\t\t\t<div class=\"elementor-element elementor-element-9687cb3 elementor-widget elementor-widget-text-editor\" data-id=\"9687cb3\" data-element_type=\"widget\" data-e-type=\"widget\" data-settings=\"{&quot;wdt_animation_effect&quot;:&quot;none&quot;}\" data-widget_type=\"text-editor.default\">\n\t\t\t\t<div class=\"elementor-widget-container\">\n\t\t\t\t\t\t\t\t\t<p>Identificaci\u00f3n y Titularidad En cumplimiento del art\u00edculo 10 de la Ley 34\/2002, de 11 de julio, de Servicios de la Sociedad de la Informaci\u00f3n y Comercio Electr\u00f3nico, el Titular expone sus datos identificativos.<\/p><p>Titular: IONA GROUP SL.<br \/>NIF: B16664328<br \/>Domicilio: C\/MUNTANER N\u00ba53 BAJOS 07500, MANACOR &#8211; ILLES BALEARS &#8211; ESPA\u00d1A.<br \/>Correo electr\u00f3nico: info@ionagroup.es<br \/>Sitio Web: https:\/\/ionagroup.es<\/p><p><b>Condiciones de Uso<\/b><br \/>La utilizaci\u00f3n del sitio Web le otorga la condici\u00f3n de Usuario, e implica la aceptaci\u00f3n completa de todas las cl\u00e1usulas y condiciones de uso incluidas en las p\u00e1ginas:<\/p><p><b>Rechtlicher Hinweis<br \/>Pol\u00edtica de Privacidad<br \/>Pol\u00edtica de Cookies<br \/><\/b><br \/>Si no estuviera conforme con todas y cada una de estas cl\u00e1usulas y condiciones, abst\u00e9ngase de utilizar este sitio Web.<\/p><p>El acceso a este sitio Web no supone, en modo alguno, el inicio de una relaci\u00f3n comercial con IONA GROUP SL .<\/p><p>A trav\u00e9s de este sitio Web, el Titular le facilita el acceso y la utilizaci\u00f3n de diversos contenidos que el Titular o sus colaboradores han publicado por medio de Internet.<\/p><p>A tal efecto, usted est\u00e1 obligado y comprometido a NO utilizar cualquiera de los contenidos del sitio Web con fines o efectos il\u00edcitos, prohibidos en este Aviso Legal o por la legislaci\u00f3n vigente, lesivos de los derechos e intereses de terceros, o que de cualquier forma puedan da\u00f1ar, inutilizar, sobrecargar, deteriorar o impedir la normal utilizaci\u00f3n de los contenidos, los equipos inform\u00e1ticos o los documentos, archivos y toda clase de contenidos almacenados en cualquier equipo inform\u00e1tico propios o contratados por IONA GROUP SL, de otros usuarios o de cualquier usuario de Internet.<\/p><p>El Titular se reserva el derecho de retirar todos aquellos comentarios que vulneren la legislaci\u00f3n vigente, lesivos de los derechos o intereses de terceros, o que, a su juicio, no resulten adecuados para su publicaci\u00f3n.<\/p><p>IONA GROUP SL no ser\u00e1 responsable de las opiniones vertidas por los usuarios a trav\u00e9s del sistema de comentarios, u otras herramientas de participaci\u00f3n, conforme a lo previsto en la normativa de aplicaci\u00f3n.<\/p><p><b>Medidas de seguridad<\/b><br \/>Los datos personales que facilite al Titular pueden ser almacenados en bases de datos automatizadas o no, cuya titularidad corresponde en exclusiva a IONA GROUP SL , que asume todas las medidas de \u00edndole t\u00e9cnica, organizativa y de seguridad que garantizan la confidencialidad, integridad y calidad de la informaci\u00f3n contenida en las mismas de acuerdo con lo establecido en la normativa vigente en protecci\u00f3n de datos.<\/p><p>No obstante, debe ser consciente de que las medidas de seguridad de los sistemas inform\u00e1ticos en Internet no son enteramente fiables y que, por tanto el Titular no puede garantizar la inexistencia de virus u otros elementos que puedan producir alteraciones en los sistemas inform\u00e1ticos (software y hardware) del Usuario o en sus documentos electr\u00f3nicos y ficheros contenidos en los mismos aunque el Titular pone todos los medios necesarios y toma las medidas de seguridad oportunas para evitar la presencia de estos elementos da\u00f1inos.<\/p><p><b>Tratamiento de Datos Personales<\/b><br \/>Usted puede consultar toda la informaci\u00f3n relativa al tratamiento de datos personales que recoge el Titular en la p\u00e1gina de Pol\u00edtica de Privacidad.<\/p><p><b>Contenidos<\/b><br \/>El Titular ha obtenido la informaci\u00f3n, el contenido multimedia y los materiales incluidos en el sitio Web de fuentes que considera fiables, pero, si bien ha tomado todas las medidas razonables para asegurar que la informaci\u00f3n contenida es correcta, el Titular no garantiza que sea exacta, completa o actualizada.<\/p><p>IONA GROUP SL declina expresamente cualquier responsabilidad por error u omisi\u00f3n en la informaci\u00f3n contenida en las p\u00e1ginas de este sitio Web.<\/p><p>Queda prohibido transmitir o enviar a trav\u00e9s del sitio Web cualquier contenido ilegal o il\u00edcito, virus inform\u00e1ticos, o mensajes que, en general, afecten o violen derechos de el Titular o de terceros.<\/p><p>Los contenidos de https:\/\/ionagroup.es tienen \u00fanicamente una finalidad informativa y bajo ninguna circunstancia deben usarse ni considerarse como oferta de venta, solicitud de una oferta de compra ni recomendaci\u00f3n para realizar cualquier otra operaci\u00f3n, salvo que as\u00ed se indique expresamente.<\/p><p>IONA GROUP SL se reserva el derecho a modificar, suspender, cancelar o restringir el contenido de https:\/\/ionagroup.es, los v\u00ednculos o la informaci\u00f3n obtenida a trav\u00e9s del sitio Web, sin necesidad de previo aviso.<\/p><p>IONA GROUP SL no es responsable de los da\u00f1os y perjuicios que pudieran derivarse de la utilizaci\u00f3n de la informaci\u00f3n del sitio Web.<\/p><p><b>Pol\u00edtica de cookies<\/b><br \/>En la p\u00e1gina Pol\u00edtica de Cookies puede consultar toda la informaci\u00f3n relativa a la pol\u00edtica de recogida y tratamiento de las cookies.<\/p><p><b>Enlaces a otros sitios Web<\/b><br \/>El Titular puede proporcionarle acceso a sitios Web de terceros mediante enlaces con la finalidad exclusiva de informar sobre la existencia de otras fuentes de informaci\u00f3n en Internet en las que podr\u00e1 ampliar los datos ofrecidos en el sitio Web.<\/p><p>Estos enlaces a otros sitios Web no suponen en ning\u00fan caso una sugerencia o recomendaci\u00f3n para que usted visite las p\u00e1ginas web de destino, que est\u00e1n fuera del control del Titular, por lo que IONA GROUP SL no es responsable del contenido de los sitios web vinculados ni del resultado que obtenga al seguir los enlaces.<\/p><p>Asimismo, IONA GROUP SL no responde de los links o enlaces ubicados en los sitios web vinculados a los que le proporciona acceso.<\/p><p>El establecimiento del enlace no implica en ning\u00fan caso la existencia de relaciones entre IONA GROUP SL y el propietario del sitio en el que se establezca el enlace, ni la aceptaci\u00f3n o aprobaci\u00f3n por parte del Titular de sus contenidos o servicios.<\/p><p>Si accede a un sitio Web externo desde un enlace que encuentre en https:\/\/ionagroup.es usted deber\u00e1 leer la propia pol\u00edtica de privacidad del otro sitio web que puede ser diferente de la de este sitio Web.<\/p><p><b>Propiedad intelectual e industrial<\/b><br \/>Todos los derechos est\u00e1n reservados. Todo acceso a este sitio Web est\u00e1 sujeto a las siguientes condiciones: la reproducci\u00f3n, almacenaje permanente y la difusi\u00f3n de los contenidos o cualquier otro uso que tenga finalidad p\u00fablica o comercial queda expresamente prohibida sin el consentimiento previo expreso y por escrito de IONA GROUP SL.<\/p><p><b>Limitaci\u00f3n de responsabilidad<\/b><br \/>IONA GROUP SL declina cualquier responsabilidad en caso de que existan interrupciones o un mal funcionamiento de los Servicios o contenidos ofrecidos en Internet, cualquiera que sea su causa. Asimismo, el Titular no se hace responsable por ca\u00eddas de la red, p\u00e9rdidas de negocio a consecuencia de dichas ca\u00eddas, suspensiones temporales de fluido el\u00e9ctrico o cualquier otro tipo de da\u00f1o indirecto que te pueda ser causado por causas ajenas a el Titular.<\/p><p>Antes de tomar decisiones y\/o acciones con base a la informaci\u00f3n incluida en el sitio Web, el Titular le recomienda comprobar y contrastar la informaci\u00f3n recibida con otras fuentes.<\/p><p><b>Jurisdicci\u00f3n<\/b><br \/>Este Aviso Legal se rige \u00edntegramente por la legislaci\u00f3n espa\u00f1ola.<\/p><p><b>Kontakt<\/b><br \/>En caso de que usted tenga cualquier duda acerca de estas Condiciones legales o quiera realizar cualquier comentario sobre este sitio Web, puede enviar un mensaje de correo electr\u00f3nico a la direcci\u00f3n info@ionagroup.es.<\/p>\t\t\t\t\t\t\t\t<\/div>\n\t\t\t\t<\/div>\n\t\t\t\t\t<\/div>\n\t\t<\/div>\n\t\t\t\t\t<\/div>\n\t\t<\/section>\n\t\t\t\t<\/div>","protected":false},"excerpt":{"rendered":"<p>AVISO LEGAL AVISO LEGAL Identificaci\u00f3n y Titularidad En cumplimiento del art\u00edculo 10 de la Ley 34\/2002, de 11 de julio, de Servicios de la Sociedad de la Informaci\u00f3n y Comercio Electr\u00f3nico, el Titular expone sus datos identificativos. Titular: IONA GROUP SL.NIF: B16664328Domicilio: C\/MUNTANER N\u00ba53 BAJOS 07500, MANACOR &#8211; ILLES BALEARS &#8211; ESPA\u00d1A.Correo electr\u00f3nico: info@ionagroup.esSitio Web: [&hellip;]<\/p>\n","protected":false},"author":1,"featured_media":0,"parent":0,"menu_order":0,"comment_status":"closed","ping_status":"closed","template":"elementor_header_footer","meta":{"_monsterinsights_skip_tracking":false,"_monsterinsights_sitenote_active":false,"_monsterinsights_sitenote_note":"","_monsterinsights_sitenote_category":0,"footnotes":""},"class_list":["post-2355","page","type-page","status-publish","hentry"],"yoast_head":"<!-- This site is optimized with the Yoast SEO plugin v27.3 - https:\/\/yoast.com\/product\/yoast-seo-wordpress\/ -->\n<title>Aviso legal - IONA Group - IONA - Soluciones de ingenier\u00eda a medida<\/title>\n<meta name=\"robots\" content=\"noindex, nofollow\" \/>\n<meta property=\"og:locale\" content=\"de_DE\" \/>\n<meta property=\"og:type\" content=\"article\" \/>\n<meta property=\"og:title\" content=\"Aviso legal - IONA Group - IONA - Soluciones de ingenier\u00eda a medida\" \/>\n<meta property=\"og:description\" content=\"AVISO LEGAL AVISO LEGAL Identificaci\u00f3n y Titularidad En cumplimiento del art\u00edculo 10 de la Ley 34\/2002, de 11 de julio, de Servicios de la Sociedad de la Informaci\u00f3n y Comercio Electr\u00f3nico, el Titular expone sus datos identificativos. Titular: IONA GROUP SL.NIF: B16664328Domicilio: C\/MUNTANER N\u00ba53 BAJOS 07500, MANACOR &#8211; ILLES BALEARS &#8211; ESPA\u00d1A.Correo electr\u00f3nico: info@ionagroup.esSitio Web: [&hellip;]\" \/>\n<meta property=\"og:url\" content=\"https:\/\/www.ionagroup.es\/de\/aviso-legal-iona\/\" \/>\n<meta property=\"og:site_name\" content=\"IONA - Soluciones de ingenier\u00eda a medida\" \/>\n<meta property=\"article:modified_time\" content=\"2025-05-20T14:31:29+00:00\" \/>\n<meta property=\"og:image\" content=\"https:\/\/www.ionagroup.es\/wp-content\/uploads\/2023\/12\/download.png\" \/>\n<meta name=\"twitter:card\" content=\"summary_large_image\" \/>\n<meta name=\"twitter:label1\" content=\"Gesch\u00e4tzte Lesezeit\" \/>\n\t<meta name=\"twitter:data1\" content=\"6\u00a0Minuten\" \/>\n<script type=\"application\/ld+json\" class=\"yoast-schema-graph\">{\"@context\":\"https:\\\/\\\/schema.org\",\"@graph\":[{\"@type\":\"WebPage\",\"@id\":\"https:\\\/\\\/www.ionagroup.es\\\/aviso-legal-iona\\\/\",\"url\":\"https:\\\/\\\/www.ionagroup.es\\\/aviso-legal-iona\\\/\",\"name\":\"Aviso legal - IONA Group - IONA - Soluciones de ingenier\u00eda a medida\",\"isPartOf\":{\"@id\":\"https:\\\/\\\/www.ionagroup.es\\\/#website\"},\"primaryImageOfPage\":{\"@id\":\"https:\\\/\\\/www.ionagroup.es\\\/aviso-legal-iona\\\/#primaryimage\"},\"image\":{\"@id\":\"https:\\\/\\\/www.ionagroup.es\\\/aviso-legal-iona\\\/#primaryimage\"},\"thumbnailUrl\":\"https:\\\/\\\/www.ionagroup.es\\\/wp-content\\\/uploads\\\/2023\\\/12\\\/download.png\",\"datePublished\":\"2024-05-03T10:22:06+00:00\",\"dateModified\":\"2025-05-20T14:31:29+00:00\",\"breadcrumb\":{\"@id\":\"https:\\\/\\\/www.ionagroup.es\\\/aviso-legal-iona\\\/#breadcrumb\"},\"inLanguage\":\"de\",\"potentialAction\":[{\"@type\":\"ReadAction\",\"target\":[\"https:\\\/\\\/www.ionagroup.es\\\/aviso-legal-iona\\\/\"]}]},{\"@type\":\"ImageObject\",\"inLanguage\":\"de\",\"@id\":\"https:\\\/\\\/www.ionagroup.es\\\/aviso-legal-iona\\\/#primaryimage\",\"url\":\"https:\\\/\\\/www.ionagroup.es\\\/wp-content\\\/uploads\\\/2023\\\/12\\\/download.png\",\"contentUrl\":\"https:\\\/\\\/www.ionagroup.es\\\/wp-content\\\/uploads\\\/2023\\\/12\\\/download.png\"},{\"@type\":\"BreadcrumbList\",\"@id\":\"https:\\\/\\\/www.ionagroup.es\\\/aviso-legal-iona\\\/#breadcrumb\",\"itemListElement\":[{\"@type\":\"ListItem\",\"position\":1,\"name\":\"Portada\",\"item\":\"https:\\\/\\\/www.ionagroup.es\\\/\"},{\"@type\":\"ListItem\",\"position\":2,\"name\":\"Aviso legal &#8211; IONA Group\"}]},{\"@type\":\"WebSite\",\"@id\":\"https:\\\/\\\/www.ionagroup.es\\\/#website\",\"url\":\"https:\\\/\\\/www.ionagroup.es\\\/\",\"name\":\"IONA - Soluciones de ingenier\u00eda a medida\",\"description\":\"Your SUPER-powered WP Engine Site\",\"publisher\":{\"@id\":\"https:\\\/\\\/www.ionagroup.es\\\/#organization\"},\"potentialAction\":[{\"@type\":\"SearchAction\",\"target\":{\"@type\":\"EntryPoint\",\"urlTemplate\":\"https:\\\/\\\/www.ionagroup.es\\\/?s={search_term_string}\"},\"query-input\":{\"@type\":\"PropertyValueSpecification\",\"valueRequired\":true,\"valueName\":\"search_term_string\"}}],\"inLanguage\":\"de\"},{\"@type\":\"Organization\",\"@id\":\"https:\\\/\\\/www.ionagroup.es\\\/#organization\",\"name\":\"IONA - Soluciones de ingenier\u00eda a medida\",\"url\":\"https:\\\/\\\/www.ionagroup.es\\\/\",\"logo\":{\"@type\":\"ImageObject\",\"inLanguage\":\"de\",\"@id\":\"https:\\\/\\\/www.ionagroup.es\\\/#\\\/schema\\\/logo\\\/image\\\/\",\"url\":\"https:\\\/\\\/www.ionagroup.es\\\/wp-content\\\/uploads\\\/2023\\\/12\\\/cropped-download-1.png\",\"contentUrl\":\"https:\\\/\\\/www.ionagroup.es\\\/wp-content\\\/uploads\\\/2023\\\/12\\\/cropped-download-1.png\",\"width\":640,\"height\":164,\"caption\":\"IONA - Soluciones de ingenier\u00eda a medida\"},\"image\":{\"@id\":\"https:\\\/\\\/www.ionagroup.es\\\/#\\\/schema\\\/logo\\\/image\\\/\"},\"sameAs\":[\"https:\\\/\\\/www.instagram.com\\\/iona_group\\\/\"]}]}<\/script>\n<!-- \/ Yoast SEO plugin. -->","yoast_head_json":{"title":"Aviso legal - IONA Group - IONA - Soluciones de ingenier\u00eda a medida","robots":{"index":"noindex","follow":"nofollow"},"og_locale":"de_DE","og_type":"article","og_title":"Aviso legal - IONA Group - IONA - Soluciones de ingenier\u00eda a medida","og_description":"AVISO LEGAL AVISO LEGAL Identificaci\u00f3n y Titularidad En cumplimiento del art\u00edculo 10 de la Ley 34\/2002, de 11 de julio, de Servicios de la Sociedad de la Informaci\u00f3n y Comercio Electr\u00f3nico, el Titular expone sus datos identificativos. Titular: IONA GROUP SL.NIF: B16664328Domicilio: C\/MUNTANER N\u00ba53 BAJOS 07500, MANACOR &#8211; ILLES BALEARS &#8211; ESPA\u00d1A.Correo electr\u00f3nico: info@ionagroup.esSitio Web: [&hellip;]","og_url":"https:\/\/www.ionagroup.es\/de\/aviso-legal-iona\/","og_site_name":"IONA - Soluciones de ingenier\u00eda a medida","article_modified_time":"2025-05-20T14:31:29+00:00","og_image":[{"url":"https:\/\/www.ionagroup.es\/wp-content\/uploads\/2023\/12\/download.png","type":"","width":"","height":""}],"twitter_card":"summary_large_image","twitter_misc":{"Gesch\u00e4tzte Lesezeit":"6\u00a0Minuten"},"schema":{"@context":"https:\/\/schema.org","@graph":[{"@type":"WebPage","@id":"https:\/\/www.ionagroup.es\/aviso-legal-iona\/","url":"https:\/\/www.ionagroup.es\/aviso-legal-iona\/","name":"Aviso legal - IONA Group - IONA - Soluciones de ingenier\u00eda a medida","isPartOf":{"@id":"https:\/\/www.ionagroup.es\/#website"},"primaryImageOfPage":{"@id":"https:\/\/www.ionagroup.es\/aviso-legal-iona\/#primaryimage"},"image":{"@id":"https:\/\/www.ionagroup.es\/aviso-legal-iona\/#primaryimage"},"thumbnailUrl":"https:\/\/www.ionagroup.es\/wp-content\/uploads\/2023\/12\/download.png","datePublished":"2024-05-03T10:22:06+00:00","dateModified":"2025-05-20T14:31:29+00:00","breadcrumb":{"@id":"https:\/\/www.ionagroup.es\/aviso-legal-iona\/#breadcrumb"},"inLanguage":"de","potentialAction":[{"@type":"ReadAction","target":["https:\/\/www.ionagroup.es\/aviso-legal-iona\/"]}]},{"@type":"ImageObject","inLanguage":"de","@id":"https:\/\/www.ionagroup.es\/aviso-legal-iona\/#primaryimage","url":"https:\/\/www.ionagroup.es\/wp-content\/uploads\/2023\/12\/download.png","contentUrl":"https:\/\/www.ionagroup.es\/wp-content\/uploads\/2023\/12\/download.png"},{"@type":"BreadcrumbList","@id":"https:\/\/www.ionagroup.es\/aviso-legal-iona\/#breadcrumb","itemListElement":[{"@type":"ListItem","position":1,"name":"Portada","item":"https:\/\/www.ionagroup.es\/"},{"@type":"ListItem","position":2,"name":"Aviso legal &#8211; IONA Group"}]},{"@type":"WebSite","@id":"https:\/\/www.ionagroup.es\/#website","url":"https:\/\/www.ionagroup.es\/","name":"IONA - Soluciones de ingenier\u00eda a medida","description":"Your SUPER-powered WP Engine Site","publisher":{"@id":"https:\/\/www.ionagroup.es\/#organization"},"potentialAction":[{"@type":"SearchAction","target":{"@type":"EntryPoint","urlTemplate":"https:\/\/www.ionagroup.es\/?s={search_term_string}"},"query-input":{"@type":"PropertyValueSpecification","valueRequired":true,"valueName":"search_term_string"}}],"inLanguage":"de"},{"@type":"Organization","@id":"https:\/\/www.ionagroup.es\/#organization","name":"IONA - Soluciones de ingenier\u00eda a medida","url":"https:\/\/www.ionagroup.es\/","logo":{"@type":"ImageObject","inLanguage":"de","@id":"https:\/\/www.ionagroup.es\/#\/schema\/logo\/image\/","url":"https:\/\/www.ionagroup.es\/wp-content\/uploads\/2023\/12\/cropped-download-1.png","contentUrl":"https:\/\/www.ionagroup.es\/wp-content\/uploads\/2023\/12\/cropped-download-1.png","width":640,"height":164,"caption":"IONA - Soluciones de ingenier\u00eda a medida"},"image":{"@id":"https:\/\/www.ionagroup.es\/#\/schema\/logo\/image\/"},"sameAs":["https:\/\/www.instagram.com\/iona_group\/"]}]}},"_links":{"self":[{"href":"https:\/\/www.ionagroup.es\/de\/wp-json\/wp\/v2\/pages\/2355","targetHints":{"allow":["GET"]}}],"collection":[{"href":"https:\/\/www.ionagroup.es\/de\/wp-json\/wp\/v2\/pages"}],"about":[{"href":"https:\/\/www.ionagroup.es\/de\/wp-json\/wp\/v2\/types\/page"}],"author":[{"embeddable":true,"href":"https:\/\/www.ionagroup.es\/de\/wp-json\/wp\/v2\/users\/1"}],"replies":[{"embeddable":true,"href":"https:\/\/www.ionagroup.es\/de\/wp-json\/wp\/v2\/comments?post=2355"}],"version-history":[{"count":34,"href":"https:\/\/www.ionagroup.es\/de\/wp-json\/wp\/v2\/pages\/2355\/revisions"}],"predecessor-version":[{"id":3122,"href":"https:\/\/www.ionagroup.es\/de\/wp-json\/wp\/v2\/pages\/2355\/revisions\/3122"}],"wp:attachment":[{"href":"https:\/\/www.ionagroup.es\/de\/wp-json\/wp\/v2\/media?parent=2355"}],"curies":[{"name":"wp","href":"https:\/\/api.w.org\/{rel}","templated":true}]}}