{"id":2575,"date":"2024-05-08T13:15:11","date_gmt":"2024-05-08T13:15:11","guid":{"rendered":"https:\/\/www.ionagroup.es\/winxester\/?page_id=2575"},"modified":"2025-05-21T06:20:22","modified_gmt":"2025-05-21T06:20:22","slug":"spa-son-brull-hotel-rural-en-pollenca","status":"publish","type":"page","link":"https:\/\/www.ionagroup.es\/en\/spa-son-brull-hotel-rural-en-pollenca\/","title":{"rendered":"Spa &#8211; Son Brull hotel rural en Pollen\u00e7a"},"content":{"rendered":"\t\t<div data-elementor-type=\"wp-page\" data-elementor-id=\"2575\" class=\"elementor elementor-2575\" data-elementor-post-type=\"page\">\n\t\t\t\t\t\t<header class=\"elementor-section elementor-top-section elementor-element elementor-element-5c0a7ce wdt-custom-slider-1-section wdt-section-wrap-col elementor-reverse-tablet_extra elementor-reverse-tablet elementor-reverse-mobile_extra elementor-reverse-mobile elementor-section-height-min-height elementor-section-content-middle elementor-section-boxed elementor-section-height-default elementor-section-items-middle\" data-id=\"5c0a7ce\" data-element_type=\"section\" data-e-type=\"section\" data-settings=\"{&quot;background_background&quot;:&quot;slideshow&quot;,&quot;background_slideshow_gallery&quot;:[{&quot;id&quot;:2626,&quot;url&quot;:&quot;https:\\\/\\\/www.ionagroup.es\\\/wp-content\\\/uploads\\\/2024\\\/05\\\/1-4.jpg&quot;},{&quot;id&quot;:2629,&quot;url&quot;:&quot;https:\\\/\\\/www.ionagroup.es\\\/wp-content\\\/uploads\\\/2024\\\/05\\\/4-3.jpg&quot;},{&quot;id&quot;:2628,&quot;url&quot;:&quot;https:\\\/\\\/www.ionagroup.es\\\/wp-content\\\/uploads\\\/2024\\\/05\\\/3-5.jpg&quot;}],&quot;background_slideshow_slide_duration&quot;:3000,&quot;background_slideshow_transition_duration&quot;:3000,&quot;wdt_bg_image&quot;:{&quot;url&quot;:&quot;&quot;,&quot;id&quot;:&quot;&quot;,&quot;size&quot;:&quot;&quot;},&quot;wdt_bg_image_widescreen&quot;:{&quot;url&quot;:&quot;&quot;,&quot;id&quot;:&quot;&quot;,&quot;size&quot;:&quot;&quot;},&quot;wdt_bg_image_laptop&quot;:{&quot;url&quot;:&quot;&quot;,&quot;id&quot;:&quot;&quot;,&quot;size&quot;:&quot;&quot;},&quot;wdt_bg_image_tablet_extra&quot;:{&quot;url&quot;:&quot;&quot;,&quot;id&quot;:&quot;&quot;,&quot;size&quot;:&quot;&quot;},&quot;wdt_bg_image_tablet&quot;:{&quot;url&quot;:&quot;&quot;,&quot;id&quot;:&quot;&quot;,&quot;size&quot;:&quot;&quot;},&quot;wdt_bg_image_mobile_extra&quot;:{&quot;url&quot;:&quot;&quot;,&quot;id&quot;:&quot;&quot;,&quot;size&quot;:&quot;&quot;},&quot;wdt_bg_image_mobile&quot;:{&quot;url&quot;:&quot;&quot;,&quot;id&quot;:&quot;&quot;,&quot;size&quot;:&quot;&quot;},&quot;wdt_bg_position&quot;:&quot;center center&quot;,&quot;wdt_animation_effect&quot;:&quot;none&quot;,&quot;background_slideshow_loop&quot;:&quot;yes&quot;,&quot;background_slideshow_slide_transition&quot;:&quot;fade&quot;}\">\n\t\t\t\t\t\t\t<div class=\"elementor-background-overlay\"><\/div>\n\t\t\t\t\t\t\t<div class=\"elementor-container elementor-column-gap-default\">\n\t\t\t\t\t<div class=\"elementor-column elementor-col-100 elementor-top-column elementor-element elementor-element-1932a3a\" data-id=\"1932a3a\" data-element_type=\"column\" data-e-type=\"column\">\n\t\t\t<div class=\"elementor-widget-wrap elementor-element-populated\">\n\t\t\t\t\t\t<div class=\"elementor-element elementor-element-0cf8056 elementor-widget__width-inherit elementor-widget elementor-widget-image\" data-id=\"0cf8056\" data-element_type=\"widget\" data-e-type=\"widget\" data-settings=\"{&quot;wdt_animation_effect&quot;:&quot;none&quot;}\" data-widget_type=\"image.default\">\n\t\t\t\t<div class=\"elementor-widget-container\">\n\t\t\t\t\t\t\t\t\t\t\t\t\t\t\t<img fetchpriority=\"high\" decoding=\"async\" width=\"640\" height=\"164\" src=\"https:\/\/www.ionagroup.es\/wp-content\/uploads\/2023\/12\/download.png\" class=\"attachment-1536x1536 size-1536x1536 wp-image-1101\" alt=\"\" srcset=\"https:\/\/www.ionagroup.es\/wp-content\/uploads\/2023\/12\/download.png 640w, https:\/\/www.ionagroup.es\/wp-content\/uploads\/2023\/12\/download-300x77.png 300w\" sizes=\"(max-width: 640px) 100vw, 640px\" \/>\t\t\t\t\t\t\t\t\t\t\t\t\t\t\t<\/div>\n\t\t\t\t<\/div>\n\t\t\t\t<div class=\"elementor-element elementor-element-2064044 elementor-widget elementor-widget-heading\" data-id=\"2064044\" data-element_type=\"widget\" data-e-type=\"widget\" data-settings=\"{&quot;wdt_animation_effect&quot;:&quot;none&quot;}\" data-widget_type=\"heading.default\">\n\t\t\t\t<div class=\"elementor-widget-container\">\n\t\t\t\t\t<h2 class=\"elementor-heading-title elementor-size-default\"> <b>Son Brull<\/b> \u00b7 Spa <br>Hotel Rural Pollen\u00e7a<\/h2>\t\t\t\t<\/div>\n\t\t\t\t<\/div>\n\t\t\t\t\t<\/div>\n\t\t<\/div>\n\t\t\t\t\t<\/div>\n\t\t<\/header>\n\t\t\t\t<section class=\"elementor-section elementor-top-section elementor-element elementor-element-5dd5b105 elementor-section-content-middle elementor-section-boxed elementor-section-height-default elementor-section-height-default\" data-id=\"5dd5b105\" data-element_type=\"section\" data-e-type=\"section\" data-settings=\"{&quot;background_background&quot;:&quot;classic&quot;,&quot;wdt_bg_image&quot;:{&quot;url&quot;:&quot;&quot;,&quot;id&quot;:&quot;&quot;,&quot;size&quot;:&quot;&quot;},&quot;wdt_bg_image_widescreen&quot;:{&quot;url&quot;:&quot;&quot;,&quot;id&quot;:&quot;&quot;,&quot;size&quot;:&quot;&quot;},&quot;wdt_bg_image_laptop&quot;:{&quot;url&quot;:&quot;&quot;,&quot;id&quot;:&quot;&quot;,&quot;size&quot;:&quot;&quot;},&quot;wdt_bg_image_tablet_extra&quot;:{&quot;url&quot;:&quot;&quot;,&quot;id&quot;:&quot;&quot;,&quot;size&quot;:&quot;&quot;},&quot;wdt_bg_image_tablet&quot;:{&quot;url&quot;:&quot;&quot;,&quot;id&quot;:&quot;&quot;,&quot;size&quot;:&quot;&quot;},&quot;wdt_bg_image_mobile_extra&quot;:{&quot;url&quot;:&quot;&quot;,&quot;id&quot;:&quot;&quot;,&quot;size&quot;:&quot;&quot;},&quot;wdt_bg_image_mobile&quot;:{&quot;url&quot;:&quot;&quot;,&quot;id&quot;:&quot;&quot;,&quot;size&quot;:&quot;&quot;},&quot;wdt_bg_position&quot;:&quot;center center&quot;,&quot;wdt_animation_effect&quot;:&quot;none&quot;}\">\n\t\t\t\t\t\t<div class=\"elementor-container elementor-column-gap-no\">\n\t\t\t\t\t<div class=\"elementor-column elementor-col-100 elementor-top-column elementor-element elementor-element-65af84fe\" data-id=\"65af84fe\" data-element_type=\"column\" data-e-type=\"column\">\n\t\t\t<div class=\"elementor-widget-wrap elementor-element-populated\">\n\t\t\t\t\t\t<div class=\"elementor-element elementor-element-20a4ef31 gallery-spacing-custom elementor-widget elementor-widget-image-gallery\" data-id=\"20a4ef31\" data-element_type=\"widget\" data-e-type=\"widget\" data-settings=\"{&quot;wdt_animation_effect&quot;:&quot;none&quot;}\" data-widget_type=\"image-gallery.default\">\n\t\t\t\t<div class=\"elementor-widget-container\">\n\t\t\t\t\t\t\t<div class=\"elementor-image-gallery\">\n\t\t\t<div id='gallery-1' class='gallery galleryid-2575 gallery-columns-2 gallery-size-qi_addons_for_elementor_image_size_huge-square'><figure class='gallery-item'>\n\t\t\t<div class='gallery-icon landscape'>\n\t\t\t\t<a data-elementor-open-lightbox=\"yes\" data-elementor-lightbox-slideshow=\"20a4ef31\" data-elementor-lightbox-title=\"Spa - hotel rural Son Brull en Pollen\u00e7a | Proyectos IONA\" data-elementor-lightbox-description=\"Spa - hotel rural Son Brull en Pollen\u00e7a | Proyectos IONA\" data-e-action-hash=\"#elementor-action%3Aaction%3Dlightbox%26settings%3DeyJpZCI6MjYyNiwidXJsIjoiaHR0cHM6XC9cL3d3dy5pb25hZ3JvdXAuZXNcL3dwLWNvbnRlbnRcL3VwbG9hZHNcLzIwMjRcLzA1XC8xLTQuanBnIiwic2xpZGVzaG93IjoiMjBhNGVmMzEifQ%3D%3D\" href='https:\/\/www.ionagroup.es\/wp-content\/uploads\/2024\/05\/1-4.jpg'><img decoding=\"async\" width=\"1300\" height=\"814\" src=\"https:\/\/www.ionagroup.es\/wp-content\/uploads\/2024\/05\/1-4-1300x814.jpg\" class=\"attachment-qi_addons_for_elementor_image_size_huge-square size-qi_addons_for_elementor_image_size_huge-square\" alt=\"Spa - hotel rural Son Brull en Pollen\u00e7a | Proyectos IONA\" aria-describedby=\"gallery-1-2626\" \/><\/a>\n\t\t\t<\/div>\n\t\t\t\t<figcaption class='wp-caption-text gallery-caption' id='gallery-1-2626'>\n\t\t\t\tSpa &#8211; hotel rural Son Brull en Pollen\u00e7a | Proyectos IONA\n\t\t\t\t<\/figcaption><\/figure><figure class='gallery-item'>\n\t\t\t<div class='gallery-icon landscape'>\n\t\t\t\t<a data-elementor-open-lightbox=\"yes\" data-elementor-lightbox-slideshow=\"20a4ef31\" data-elementor-lightbox-title=\"Spa - hotel rural Son Brull en Pollen\u00e7a | Proyectos IONA\" data-elementor-lightbox-description=\"Spa - hotel rural Son Brull en Pollen\u00e7a | Proyectos IONA\" data-e-action-hash=\"#elementor-action%3Aaction%3Dlightbox%26settings%3DeyJpZCI6MjYyNywidXJsIjoiaHR0cHM6XC9cL3d3dy5pb25hZ3JvdXAuZXNcL3dwLWNvbnRlbnRcL3VwbG9hZHNcLzIwMjRcLzA1XC8yLTQuanBnIiwic2xpZGVzaG93IjoiMjBhNGVmMzEifQ%3D%3D\" href='https:\/\/www.ionagroup.es\/wp-content\/uploads\/2024\/05\/2-4.jpg'><img decoding=\"async\" width=\"1300\" height=\"815\" src=\"https:\/\/www.ionagroup.es\/wp-content\/uploads\/2024\/05\/2-4-1300x815.jpg\" class=\"attachment-qi_addons_for_elementor_image_size_huge-square size-qi_addons_for_elementor_image_size_huge-square\" alt=\"Spa - hotel rural Son Brull en Pollen\u00e7a | Proyectos IONA\" aria-describedby=\"gallery-1-2627\" \/><\/a>\n\t\t\t<\/div>\n\t\t\t\t<figcaption class='wp-caption-text gallery-caption' id='gallery-1-2627'>\n\t\t\t\tSpa &#8211; hotel rural Son Brull en Pollen\u00e7a | Proyectos IONA\n\t\t\t\t<\/figcaption><\/figure><figure class='gallery-item'>\n\t\t\t<div class='gallery-icon landscape'>\n\t\t\t\t<a data-elementor-open-lightbox=\"yes\" data-elementor-lightbox-slideshow=\"20a4ef31\" data-elementor-lightbox-title=\"Spa - hotel rural Son Brull en Pollen\u00e7a | Proyectos IONA\" data-elementor-lightbox-description=\"Spa - hotel rural Son Brull en Pollen\u00e7a | Proyectos IONA\" data-e-action-hash=\"#elementor-action%3Aaction%3Dlightbox%26settings%3DeyJpZCI6MjYyOCwidXJsIjoiaHR0cHM6XC9cL3d3dy5pb25hZ3JvdXAuZXNcL3dwLWNvbnRlbnRcL3VwbG9hZHNcLzIwMjRcLzA1XC8zLTUuanBnIiwic2xpZGVzaG93IjoiMjBhNGVmMzEifQ%3D%3D\" href='https:\/\/www.ionagroup.es\/wp-content\/uploads\/2024\/05\/3-5.jpg'><img loading=\"lazy\" decoding=\"async\" width=\"1300\" height=\"1028\" src=\"https:\/\/www.ionagroup.es\/wp-content\/uploads\/2024\/05\/3-5-1300x1028.jpg\" class=\"attachment-qi_addons_for_elementor_image_size_huge-square size-qi_addons_for_elementor_image_size_huge-square\" alt=\"Spa - hotel rural Son Brull en Pollen\u00e7a | Proyectos IONA\" aria-describedby=\"gallery-1-2628\" \/><\/a>\n\t\t\t<\/div>\n\t\t\t\t<figcaption class='wp-caption-text gallery-caption' id='gallery-1-2628'>\n\t\t\t\tSpa &#8211; hotel rural Son Brull en Pollen\u00e7a | Proyectos IONA\n\t\t\t\t<\/figcaption><\/figure><figure class='gallery-item'>\n\t\t\t<div class='gallery-icon landscape'>\n\t\t\t\t<a data-elementor-open-lightbox=\"yes\" data-elementor-lightbox-slideshow=\"20a4ef31\" data-elementor-lightbox-title=\"Spa - hotel rural Son Brull en Pollen\u00e7a | Proyectos IONA\" data-elementor-lightbox-description=\"Spa - hotel rural Son Brull en Pollen\u00e7a | Proyectos IONA\" data-e-action-hash=\"#elementor-action%3Aaction%3Dlightbox%26settings%3DeyJpZCI6MjYyOSwidXJsIjoiaHR0cHM6XC9cL3d3dy5pb25hZ3JvdXAuZXNcL3dwLWNvbnRlbnRcL3VwbG9hZHNcLzIwMjRcLzA1XC80LTMuanBnIiwic2xpZGVzaG93IjoiMjBhNGVmMzEifQ%3D%3D\" href='https:\/\/www.ionagroup.es\/wp-content\/uploads\/2024\/05\/4-3.jpg'><img loading=\"lazy\" decoding=\"async\" width=\"1300\" height=\"1070\" src=\"https:\/\/www.ionagroup.es\/wp-content\/uploads\/2024\/05\/4-3-1300x1070.jpg\" class=\"attachment-qi_addons_for_elementor_image_size_huge-square size-qi_addons_for_elementor_image_size_huge-square\" alt=\"Spa - hotel rural Son Brull en Pollen\u00e7a | Proyectos IONA\" aria-describedby=\"gallery-1-2629\" \/><\/a>\n\t\t\t<\/div>\n\t\t\t\t<figcaption class='wp-caption-text gallery-caption' id='gallery-1-2629'>\n\t\t\t\tSpa &#8211; hotel rural Son Brull en Pollen\u00e7a | Proyectos IONA\n\t\t\t\t<\/figcaption><\/figure>\n\t\t<\/div>\n\t\t<\/div>\n\t\t\t\t\t\t<\/div>\n\t\t\t\t<\/div>\n\t\t\t\t\t<\/div>\n\t\t<\/div>\n\t\t\t\t\t<\/div>\n\t\t<\/section>\n\t\t\t\t<\/div>\n\t\t","protected":false},"excerpt":{"rendered":"<p>Son Brull \u00b7 Spa Hotel Rural Pollen\u00e7a Spa &#8211; hotel rural Son Brull en Pollen\u00e7a | Proyectos IONA Spa &#8211; hotel rural Son Brull en Pollen\u00e7a | Proyectos IONA Spa &#8211; hotel rural Son Brull en Pollen\u00e7a | Proyectos IONA Spa &#8211; hotel rural Son Brull en Pollen\u00e7a | Proyectos IONA<\/p>","protected":false},"author":1,"featured_media":2626,"parent":0,"menu_order":0,"comment_status":"closed","ping_status":"closed","template":"elementor_header_footer","meta":{"_monsterinsights_skip_tracking":false,"_monsterinsights_sitenote_active":false,"_monsterinsights_sitenote_note":"","_monsterinsights_sitenote_category":0,"footnotes":""},"class_list":["post-2575","page","type-page","status-publish","has-post-thumbnail","hentry"],"yoast_head":"<!-- This site is optimized with the Yoast SEO plugin v27.5 - https:\/\/yoast.com\/product\/yoast-seo-wordpress\/ -->\n<title>Nuestros proyectos | Spa - Son Brull hotel rural \u00b7 Pollen\u00e7a by IONA<\/title>\n<meta name=\"description\" content=\"Nuestros proyectos | Spa - Son Brull hotel rural en Pollen\u00e7a by IONA \u00b7 Soluciones de ingenier\u00eda en Mallorca.\" \/>\n<meta name=\"robots\" content=\"index, follow, max-snippet:-1, max-image-preview:large, max-video-preview:-1\" \/>\n<link rel=\"canonical\" href=\"https:\/\/www.ionagroup.es\/en\/spa-son-brull-hotel-rural-en-pollenca\/\" \/>\n<meta property=\"og:locale\" content=\"en_US\" \/>\n<meta property=\"og:type\" content=\"article\" \/>\n<meta property=\"og:title\" content=\"Nuestros proyectos | Spa - Son Brull hotel rural \u00b7 Pollen\u00e7a by IONA\" \/>\n<meta property=\"og:description\" content=\"Nuestros proyectos | Spa - Son Brull hotel rural en Pollen\u00e7a by IONA \u00b7 Soluciones de ingenier\u00eda en Mallorca.\" \/>\n<meta property=\"og:url\" content=\"https:\/\/www.ionagroup.es\/en\/spa-son-brull-hotel-rural-en-pollenca\/\" \/>\n<meta property=\"og:site_name\" content=\"IONA - Soluciones de ingenier\u00eda a medida\" \/>\n<meta property=\"article:modified_time\" content=\"2025-05-21T06:20:22+00:00\" \/>\n<meta property=\"og:image\" content=\"https:\/\/www.ionagroup.es\/wp-content\/uploads\/2024\/05\/1-4.jpg\" \/>\n\t<meta property=\"og:image:width\" content=\"1600\" \/>\n\t<meta property=\"og:image:height\" content=\"814\" \/>\n\t<meta property=\"og:image:type\" content=\"image\/jpeg\" \/>\n<meta name=\"twitter:card\" content=\"summary_large_image\" \/>\n<meta name=\"twitter:label1\" content=\"Est. reading time\" \/>\n\t<meta name=\"twitter:data1\" content=\"2 minutes\" \/>\n<script type=\"application\/ld+json\" class=\"yoast-schema-graph\">{\"@context\":\"https:\\\/\\\/schema.org\",\"@graph\":[{\"@type\":\"WebPage\",\"@id\":\"https:\\\/\\\/www.ionagroup.es\\\/spa-son-brull-hotel-rural-en-pollenca\\\/\",\"url\":\"https:\\\/\\\/www.ionagroup.es\\\/spa-son-brull-hotel-rural-en-pollenca\\\/\",\"name\":\"Nuestros proyectos | Spa - Son Brull hotel rural \u00b7 Pollen\u00e7a by IONA\",\"isPartOf\":{\"@id\":\"https:\\\/\\\/www.ionagroup.es\\\/#website\"},\"primaryImageOfPage\":{\"@id\":\"https:\\\/\\\/www.ionagroup.es\\\/spa-son-brull-hotel-rural-en-pollenca\\\/#primaryimage\"},\"image\":{\"@id\":\"https:\\\/\\\/www.ionagroup.es\\\/spa-son-brull-hotel-rural-en-pollenca\\\/#primaryimage\"},\"thumbnailUrl\":\"https:\\\/\\\/www.ionagroup.es\\\/wp-content\\\/uploads\\\/2024\\\/05\\\/1-4.jpg\",\"datePublished\":\"2024-05-08T13:15:11+00:00\",\"dateModified\":\"2025-05-21T06:20:22+00:00\",\"description\":\"Nuestros proyectos | Spa - Son Brull hotel rural en Pollen\u00e7a by IONA \u00b7 Soluciones de ingenier\u00eda en Mallorca.\",\"breadcrumb\":{\"@id\":\"https:\\\/\\\/www.ionagroup.es\\\/spa-son-brull-hotel-rural-en-pollenca\\\/#breadcrumb\"},\"inLanguage\":\"en-US\",\"potentialAction\":[{\"@type\":\"ReadAction\",\"target\":[\"https:\\\/\\\/www.ionagroup.es\\\/spa-son-brull-hotel-rural-en-pollenca\\\/\"]}]},{\"@type\":\"ImageObject\",\"inLanguage\":\"en-US\",\"@id\":\"https:\\\/\\\/www.ionagroup.es\\\/spa-son-brull-hotel-rural-en-pollenca\\\/#primaryimage\",\"url\":\"https:\\\/\\\/www.ionagroup.es\\\/wp-content\\\/uploads\\\/2024\\\/05\\\/1-4.jpg\",\"contentUrl\":\"https:\\\/\\\/www.ionagroup.es\\\/wp-content\\\/uploads\\\/2024\\\/05\\\/1-4.jpg\",\"width\":1600,\"height\":814,\"caption\":\"Spa - hotel rural Son Brull en Pollen\u00e7a | Proyectos IONA\"},{\"@type\":\"BreadcrumbList\",\"@id\":\"https:\\\/\\\/www.ionagroup.es\\\/spa-son-brull-hotel-rural-en-pollenca\\\/#breadcrumb\",\"itemListElement\":[{\"@type\":\"ListItem\",\"position\":1,\"name\":\"Portada\",\"item\":\"https:\\\/\\\/www.ionagroup.es\\\/\"},{\"@type\":\"ListItem\",\"position\":2,\"name\":\"Spa &#8211; Son Brull hotel rural en Pollen\u00e7a\"}]},{\"@type\":\"WebSite\",\"@id\":\"https:\\\/\\\/www.ionagroup.es\\\/#website\",\"url\":\"https:\\\/\\\/www.ionagroup.es\\\/\",\"name\":\"IONA - Soluciones de ingenier\u00eda a medida\",\"description\":\"Your SUPER-powered WP Engine Site\",\"publisher\":{\"@id\":\"https:\\\/\\\/www.ionagroup.es\\\/#organization\"},\"potentialAction\":[{\"@type\":\"SearchAction\",\"target\":{\"@type\":\"EntryPoint\",\"urlTemplate\":\"https:\\\/\\\/www.ionagroup.es\\\/?s={search_term_string}\"},\"query-input\":{\"@type\":\"PropertyValueSpecification\",\"valueRequired\":true,\"valueName\":\"search_term_string\"}}],\"inLanguage\":\"en-US\"},{\"@type\":\"Organization\",\"@id\":\"https:\\\/\\\/www.ionagroup.es\\\/#organization\",\"name\":\"IONA - Soluciones de ingenier\u00eda a medida\",\"url\":\"https:\\\/\\\/www.ionagroup.es\\\/\",\"logo\":{\"@type\":\"ImageObject\",\"inLanguage\":\"en-US\",\"@id\":\"https:\\\/\\\/www.ionagroup.es\\\/#\\\/schema\\\/logo\\\/image\\\/\",\"url\":\"https:\\\/\\\/www.ionagroup.es\\\/wp-content\\\/uploads\\\/2023\\\/12\\\/cropped-download-1.png\",\"contentUrl\":\"https:\\\/\\\/www.ionagroup.es\\\/wp-content\\\/uploads\\\/2023\\\/12\\\/cropped-download-1.png\",\"width\":640,\"height\":164,\"caption\":\"IONA - Soluciones de ingenier\u00eda a medida\"},\"image\":{\"@id\":\"https:\\\/\\\/www.ionagroup.es\\\/#\\\/schema\\\/logo\\\/image\\\/\"},\"sameAs\":[\"https:\\\/\\\/www.instagram.com\\\/iona_group\\\/\"]}]}<\/script>\n<!-- \/ Yoast SEO plugin. -->","yoast_head_json":{"title":"Nuestros proyectos | Spa - Son Brull hotel rural \u00b7 Pollen\u00e7a by IONA","description":"Nuestros proyectos | Spa - Son Brull hotel rural en Pollen\u00e7a by IONA \u00b7 Soluciones de ingenier\u00eda en Mallorca.","robots":{"index":"index","follow":"follow","max-snippet":"max-snippet:-1","max-image-preview":"max-image-preview:large","max-video-preview":"max-video-preview:-1"},"canonical":"https:\/\/www.ionagroup.es\/en\/spa-son-brull-hotel-rural-en-pollenca\/","og_locale":"en_US","og_type":"article","og_title":"Nuestros proyectos | Spa - Son Brull hotel rural \u00b7 Pollen\u00e7a by IONA","og_description":"Nuestros proyectos | Spa - Son Brull hotel rural en Pollen\u00e7a by IONA \u00b7 Soluciones de ingenier\u00eda en Mallorca.","og_url":"https:\/\/www.ionagroup.es\/en\/spa-son-brull-hotel-rural-en-pollenca\/","og_site_name":"IONA - Soluciones de ingenier\u00eda a medida","article_modified_time":"2025-05-21T06:20:22+00:00","og_image":[{"width":1600,"height":814,"url":"https:\/\/www.ionagroup.es\/wp-content\/uploads\/2024\/05\/1-4.jpg","type":"image\/jpeg"}],"twitter_card":"summary_large_image","twitter_misc":{"Est. reading time":"2 minutes"},"schema":{"@context":"https:\/\/schema.org","@graph":[{"@type":"WebPage","@id":"https:\/\/www.ionagroup.es\/spa-son-brull-hotel-rural-en-pollenca\/","url":"https:\/\/www.ionagroup.es\/spa-son-brull-hotel-rural-en-pollenca\/","name":"Nuestros proyectos | Spa - Son Brull hotel rural \u00b7 Pollen\u00e7a by IONA","isPartOf":{"@id":"https:\/\/www.ionagroup.es\/#website"},"primaryImageOfPage":{"@id":"https:\/\/www.ionagroup.es\/spa-son-brull-hotel-rural-en-pollenca\/#primaryimage"},"image":{"@id":"https:\/\/www.ionagroup.es\/spa-son-brull-hotel-rural-en-pollenca\/#primaryimage"},"thumbnailUrl":"https:\/\/www.ionagroup.es\/wp-content\/uploads\/2024\/05\/1-4.jpg","datePublished":"2024-05-08T13:15:11+00:00","dateModified":"2025-05-21T06:20:22+00:00","description":"Nuestros proyectos | Spa - Son Brull hotel rural en Pollen\u00e7a by IONA \u00b7 Soluciones de ingenier\u00eda en Mallorca.","breadcrumb":{"@id":"https:\/\/www.ionagroup.es\/spa-son-brull-hotel-rural-en-pollenca\/#breadcrumb"},"inLanguage":"en-US","potentialAction":[{"@type":"ReadAction","target":["https:\/\/www.ionagroup.es\/spa-son-brull-hotel-rural-en-pollenca\/"]}]},{"@type":"ImageObject","inLanguage":"en-US","@id":"https:\/\/www.ionagroup.es\/spa-son-brull-hotel-rural-en-pollenca\/#primaryimage","url":"https:\/\/www.ionagroup.es\/wp-content\/uploads\/2024\/05\/1-4.jpg","contentUrl":"https:\/\/www.ionagroup.es\/wp-content\/uploads\/2024\/05\/1-4.jpg","width":1600,"height":814,"caption":"Spa - hotel rural Son Brull en Pollen\u00e7a | Proyectos IONA"},{"@type":"BreadcrumbList","@id":"https:\/\/www.ionagroup.es\/spa-son-brull-hotel-rural-en-pollenca\/#breadcrumb","itemListElement":[{"@type":"ListItem","position":1,"name":"Portada","item":"https:\/\/www.ionagroup.es\/"},{"@type":"ListItem","position":2,"name":"Spa &#8211; Son Brull hotel rural en Pollen\u00e7a"}]},{"@type":"WebSite","@id":"https:\/\/www.ionagroup.es\/#website","url":"https:\/\/www.ionagroup.es\/","name":"IONA - Soluciones de ingenier\u00eda a medida","description":"Your SUPER-powered WP Engine Site","publisher":{"@id":"https:\/\/www.ionagroup.es\/#organization"},"potentialAction":[{"@type":"SearchAction","target":{"@type":"EntryPoint","urlTemplate":"https:\/\/www.ionagroup.es\/?s={search_term_string}"},"query-input":{"@type":"PropertyValueSpecification","valueRequired":true,"valueName":"search_term_string"}}],"inLanguage":"en-US"},{"@type":"Organization","@id":"https:\/\/www.ionagroup.es\/#organization","name":"IONA - Soluciones de ingenier\u00eda a medida","url":"https:\/\/www.ionagroup.es\/","logo":{"@type":"ImageObject","inLanguage":"en-US","@id":"https:\/\/www.ionagroup.es\/#\/schema\/logo\/image\/","url":"https:\/\/www.ionagroup.es\/wp-content\/uploads\/2023\/12\/cropped-download-1.png","contentUrl":"https:\/\/www.ionagroup.es\/wp-content\/uploads\/2023\/12\/cropped-download-1.png","width":640,"height":164,"caption":"IONA - Soluciones de ingenier\u00eda a medida"},"image":{"@id":"https:\/\/www.ionagroup.es\/#\/schema\/logo\/image\/"},"sameAs":["https:\/\/www.instagram.com\/iona_group\/"]}]}},"_links":{"self":[{"href":"https:\/\/www.ionagroup.es\/en\/wp-json\/wp\/v2\/pages\/2575","targetHints":{"allow":["GET"]}}],"collection":[{"href":"https:\/\/www.ionagroup.es\/en\/wp-json\/wp\/v2\/pages"}],"about":[{"href":"https:\/\/www.ionagroup.es\/en\/wp-json\/wp\/v2\/types\/page"}],"author":[{"embeddable":true,"href":"https:\/\/www.ionagroup.es\/en\/wp-json\/wp\/v2\/users\/1"}],"replies":[{"embeddable":true,"href":"https:\/\/www.ionagroup.es\/en\/wp-json\/wp\/v2\/comments?post=2575"}],"version-history":[{"count":7,"href":"https:\/\/www.ionagroup.es\/en\/wp-json\/wp\/v2\/pages\/2575\/revisions"}],"predecessor-version":[{"id":3161,"href":"https:\/\/www.ionagroup.es\/en\/wp-json\/wp\/v2\/pages\/2575\/revisions\/3161"}],"wp:featuredmedia":[{"embeddable":true,"href":"https:\/\/www.ionagroup.es\/en\/wp-json\/wp\/v2\/media\/2626"}],"wp:attachment":[{"href":"https:\/\/www.ionagroup.es\/en\/wp-json\/wp\/v2\/media?parent=2575"}],"curies":[{"name":"wp","href":"https:\/\/api.w.org\/{rel}","templated":true}]}}