{"id":2979,"date":"2024-05-10T07:03:52","date_gmt":"2024-05-10T07:03:52","guid":{"rendered":"https:\/\/www.ionagroup.es\/winxester\/?page_id=2979"},"modified":"2024-05-10T07:37:49","modified_gmt":"2024-05-10T07:37:49","slug":"proximamente","status":"publish","type":"page","link":"https:\/\/www.ionagroup.es\/ru\/proximamente\/","title":{"rendered":"proximamente"},"content":{"rendered":"\t\t<div data-elementor-type=\"wp-page\" data-elementor-id=\"2979\" class=\"elementor elementor-2979\" data-elementor-post-type=\"page\">\n\t\t\t\t\t\t<header class=\"elementor-section elementor-top-section elementor-element elementor-element-5c0a7ce wdt-custom-slider-1-section wdt-section-wrap-col elementor-reverse-tablet_extra elementor-reverse-tablet elementor-reverse-mobile_extra elementor-reverse-mobile elementor-section-height-min-height elementor-section-content-middle elementor-section-boxed elementor-section-height-default elementor-section-items-middle\" data-id=\"5c0a7ce\" data-element_type=\"section\" data-e-type=\"section\" data-settings=\"{&quot;background_background&quot;:&quot;slideshow&quot;,&quot;background_slideshow_gallery&quot;:[{&quot;id&quot;:2481,&quot;url&quot;:&quot;https:\\\/\\\/www.ionagroup.es\\\/wp-content\\\/uploads\\\/2024\\\/05\\\/1.jpg&quot;},{&quot;id&quot;:2482,&quot;url&quot;:&quot;https:\\\/\\\/www.ionagroup.es\\\/wp-content\\\/uploads\\\/2024\\\/05\\\/2.jpg&quot;},{&quot;id&quot;:2480,&quot;url&quot;:&quot;https:\\\/\\\/www.ionagroup.es\\\/wp-content\\\/uploads\\\/2024\\\/05\\\/1.0-scaled.jpg&quot;},{&quot;id&quot;:2483,&quot;url&quot;:&quot;https:\\\/\\\/www.ionagroup.es\\\/wp-content\\\/uploads\\\/2024\\\/05\\\/3-2.jpg&quot;},{&quot;id&quot;:2485,&quot;url&quot;:&quot;https:\\\/\\\/www.ionagroup.es\\\/wp-content\\\/uploads\\\/2024\\\/05\\\/5.jpg&quot;},{&quot;id&quot;:2487,&quot;url&quot;:&quot;https:\\\/\\\/www.ionagroup.es\\\/wp-content\\\/uploads\\\/2024\\\/05\\\/445-41cf1300x870.jpg&quot;},{&quot;id&quot;:2484,&quot;url&quot;:&quot;https:\\\/\\\/www.ionagroup.es\\\/wp-content\\\/uploads\\\/2024\\\/05\\\/4.jpg&quot;},{&quot;id&quot;:2486,&quot;url&quot;:&quot;https:\\\/\\\/www.ionagroup.es\\\/wp-content\\\/uploads\\\/2024\\\/05\\\/338-56cf1300x870.jpg&quot;},{&quot;id&quot;:2488,&quot;url&quot;:&quot;https:\\\/\\\/www.ionagroup.es\\\/wp-content\\\/uploads\\\/2024\\\/05\\\/595-00cf1300x870.jpg&quot;},{&quot;id&quot;:2489,&quot;url&quot;:&quot;https:\\\/\\\/www.ionagroup.es\\\/wp-content\\\/uploads\\\/2024\\\/05\\\/643-150cf1300x870.jpg&quot;},{&quot;id&quot;:2490,&quot;url&quot;:&quot;https:\\\/\\\/www.ionagroup.es\\\/wp-content\\\/uploads\\\/2024\\\/05\\\/487610886.jpg&quot;},{&quot;id&quot;:2491,&quot;url&quot;:&quot;https:\\\/\\\/www.ionagroup.es\\\/wp-content\\\/uploads\\\/2024\\\/05\\\/Marga-Comas-Interior-Design-Mallorca-CVL-CAVALLERIA-Es-Palau-19.webp&quot;},{&quot;id&quot;:2492,&quot;url&quot;:&quot;https:\\\/\\\/www.ionagroup.es\\\/wp-content\\\/uploads\\\/2024\\\/05\\\/Marga-Comas-Interior-Design-Mallorca-CVL-CAVALLERIA-Sa-Clastra-10.jpg&quot;}],&quot;background_slideshow_slide_duration&quot;:3000,&quot;background_slideshow_transition_duration&quot;:3000,&quot;wdt_bg_image&quot;:{&quot;url&quot;:&quot;&quot;,&quot;id&quot;:&quot;&quot;,&quot;size&quot;:&quot;&quot;},&quot;wdt_bg_image_widescreen&quot;:{&quot;url&quot;:&quot;&quot;,&quot;id&quot;:&quot;&quot;,&quot;size&quot;:&quot;&quot;},&quot;wdt_bg_image_laptop&quot;:{&quot;url&quot;:&quot;&quot;,&quot;id&quot;:&quot;&quot;,&quot;size&quot;:&quot;&quot;},&quot;wdt_bg_image_tablet_extra&quot;:{&quot;url&quot;:&quot;&quot;,&quot;id&quot;:&quot;&quot;,&quot;size&quot;:&quot;&quot;},&quot;wdt_bg_image_tablet&quot;:{&quot;url&quot;:&quot;&quot;,&quot;id&quot;:&quot;&quot;,&quot;size&quot;:&quot;&quot;},&quot;wdt_bg_image_mobile_extra&quot;:{&quot;url&quot;:&quot;&quot;,&quot;id&quot;:&quot;&quot;,&quot;size&quot;:&quot;&quot;},&quot;wdt_bg_image_mobile&quot;:{&quot;url&quot;:&quot;&quot;,&quot;id&quot;:&quot;&quot;,&quot;size&quot;:&quot;&quot;},&quot;wdt_bg_position&quot;:&quot;center center&quot;,&quot;wdt_animation_effect&quot;:&quot;none&quot;,&quot;background_slideshow_loop&quot;:&quot;yes&quot;,&quot;background_slideshow_slide_transition&quot;:&quot;fade&quot;}\">\n\t\t\t\t\t\t\t<div class=\"elementor-background-overlay\"><\/div>\n\t\t\t\t\t\t\t<div class=\"elementor-container elementor-column-gap-default\">\n\t\t\t\t\t<div class=\"elementor-column elementor-col-100 elementor-top-column elementor-element elementor-element-1932a3a\" data-id=\"1932a3a\" data-element_type=\"column\" data-e-type=\"column\">\n\t\t\t<div class=\"elementor-widget-wrap elementor-element-populated\">\n\t\t\t\t\t\t<div class=\"elementor-element elementor-element-0cf8056 elementor-widget__width-inherit elementor-widget elementor-widget-image\" data-id=\"0cf8056\" data-element_type=\"widget\" data-e-type=\"widget\" data-settings=\"{&quot;wdt_animation_effect&quot;:&quot;none&quot;}\" data-widget_type=\"image.default\">\n\t\t\t\t<div class=\"elementor-widget-container\">\n\t\t\t\t\t\t\t\t\t\t\t\t\t\t\t<img fetchpriority=\"high\" decoding=\"async\" width=\"640\" height=\"164\" src=\"https:\/\/www.ionagroup.es\/wp-content\/uploads\/2023\/12\/download.png\" class=\"attachment-1536x1536 size-1536x1536 wp-image-1101\" alt=\"\" srcset=\"https:\/\/www.ionagroup.es\/wp-content\/uploads\/2023\/12\/download.png 640w, https:\/\/www.ionagroup.es\/wp-content\/uploads\/2023\/12\/download-300x77.png 300w\" sizes=\"(max-width: 640px) 100vw, 640px\" \/>\t\t\t\t\t\t\t\t\t\t\t\t\t\t\t<\/div>\n\t\t\t\t<\/div>\n\t\t\t\t<div class=\"elementor-element elementor-element-2064044 elementor-widget elementor-widget-heading\" data-id=\"2064044\" data-element_type=\"widget\" data-e-type=\"widget\" data-settings=\"{&quot;wdt_animation_effect&quot;:&quot;none&quot;}\" data-widget_type=\"heading.default\">\n\t\t\t\t<div class=\"elementor-widget-container\">\n\t\t\t\t\t<h2 class=\"elementor-heading-title elementor-size-default\">SOLUCIONES DE <B>INGENIER\u00cdA A MEDIDA<\/B><\/h2>\t\t\t\t<\/div>\n\t\t\t\t<\/div>\n\t\t\t\t<div class=\"elementor-element elementor-element-5db3a07 elementor-widget elementor-widget-heading\" data-id=\"5db3a07\" data-element_type=\"widget\" data-e-type=\"widget\" data-settings=\"{&quot;wdt_animation_effect&quot;:&quot;none&quot;}\" data-widget_type=\"heading.default\">\n\t\t\t\t<div class=\"elementor-widget-container\">\n\t\t\t\t\t<h2 class=\"elementor-heading-title elementor-size-default\">-- <br>P\u00e1gina en <b>construcci\u00f3n<\/b><br>\u00a1En breve la tendremos lista!<\/h2>\t\t\t\t<\/div>\n\t\t\t\t<\/div>\n\t\t\t\t\t<\/div>\n\t\t<\/div>\n\t\t\t\t\t<\/div>\n\t\t<\/header>\n\t\t\t\t<section class=\"elementor-section elementor-top-section elementor-element elementor-element-68y4hos elementor-section-full_width elementor-section-height-default elementor-section-height-default\" data-id=\"68y4hos\" data-element_type=\"section\" data-e-type=\"section\" data-settings=\"{&quot;wdt_bg_image&quot;:{&quot;url&quot;:&quot;&quot;,&quot;id&quot;:&quot;&quot;,&quot;size&quot;:&quot;&quot;},&quot;wdt_bg_image_widescreen&quot;:{&quot;url&quot;:&quot;&quot;,&quot;id&quot;:&quot;&quot;,&quot;size&quot;:&quot;&quot;},&quot;wdt_bg_image_laptop&quot;:{&quot;url&quot;:&quot;&quot;,&quot;id&quot;:&quot;&quot;,&quot;size&quot;:&quot;&quot;},&quot;wdt_bg_image_tablet_extra&quot;:{&quot;url&quot;:&quot;&quot;,&quot;id&quot;:&quot;&quot;,&quot;size&quot;:&quot;&quot;},&quot;wdt_bg_image_tablet&quot;:{&quot;url&quot;:&quot;&quot;,&quot;id&quot;:&quot;&quot;,&quot;size&quot;:&quot;&quot;},&quot;wdt_bg_image_mobile_extra&quot;:{&quot;url&quot;:&quot;&quot;,&quot;id&quot;:&quot;&quot;,&quot;size&quot;:&quot;&quot;},&quot;wdt_bg_image_mobile&quot;:{&quot;url&quot;:&quot;&quot;,&quot;id&quot;:&quot;&quot;,&quot;size&quot;:&quot;&quot;},&quot;wdt_bg_position&quot;:&quot;center center&quot;,&quot;wdt_animation_effect&quot;:&quot;none&quot;}\">\n\t\t\t\t\t\t<div class=\"elementor-container elementor-column-gap-no\">\n\t\t\t\t\t<div class=\"elementor-column elementor-col-100 elementor-top-column elementor-element elementor-element-4e90508\" data-id=\"4e90508\" data-element_type=\"column\" data-e-type=\"column\">\n\t\t\t<div class=\"elementor-widget-wrap elementor-element-populated\">\n\t\t\t\t\t\t<div class=\"elementor-element elementor-element-25a8864 elementor-widget elementor-widget-menu-anchor\" data-id=\"25a8864\" data-element_type=\"widget\" data-e-type=\"widget\" data-settings=\"{&quot;wdt_animation_effect&quot;:&quot;none&quot;}\" data-widget_type=\"menu-anchor.default\">\n\t\t\t\t<div class=\"elementor-widget-container\">\n\t\t\t\t\t\t\t<div class=\"elementor-menu-anchor\" id=\"contacto\"><\/div>\n\t\t\t\t\t\t<\/div>\n\t\t\t\t<\/div>\n\t\t\t\t<div class=\"elementor-element elementor-element-9635a5a elementor-widget elementor-widget-google_maps\" data-id=\"9635a5a\" data-element_type=\"widget\" data-e-type=\"widget\" data-settings=\"{&quot;wdt_animation_effect&quot;:&quot;none&quot;}\" data-widget_type=\"google_maps.default\">\n\t\t\t\t<div class=\"elementor-widget-container\">\n\t\t\t\t\t\t\t<div class=\"elementor-custom-embed\">\n\t\t\t<iframe loading=\"lazy\"\n\t\t\t\t\tsrc=\"https:\/\/maps.google.com\/maps?q=iona%20group&#038;t=m&#038;z=16&#038;output=embed&#038;iwloc=near\"\n\t\t\t\t\ttitle=\"iona group\"\n\t\t\t\t\taria-label=\"iona group\"\n\t\t\t><\/iframe>\n\t\t<\/div>\n\t\t\t\t\t\t<\/div>\n\t\t\t\t<\/div>\n\t\t\t\t\t<\/div>\n\t\t<\/div>\n\t\t\t\t\t<\/div>\n\t\t<\/section>\n\t\t\t\t<section class=\"elementor-section elementor-top-section elementor-element elementor-element-xws7u2v elementor-section-boxed elementor-section-height-default elementor-section-height-default\" data-id=\"xws7u2v\" data-element_type=\"section\" data-e-type=\"section\" data-settings=\"{&quot;background_background&quot;:&quot;classic&quot;,&quot;wdt_bg_image&quot;:{&quot;url&quot;:&quot;&quot;,&quot;id&quot;:&quot;&quot;,&quot;size&quot;:&quot;&quot;},&quot;wdt_bg_image_widescreen&quot;:{&quot;url&quot;:&quot;&quot;,&quot;id&quot;:&quot;&quot;,&quot;size&quot;:&quot;&quot;},&quot;wdt_bg_image_laptop&quot;:{&quot;url&quot;:&quot;&quot;,&quot;id&quot;:&quot;&quot;,&quot;size&quot;:&quot;&quot;},&quot;wdt_bg_image_tablet_extra&quot;:{&quot;url&quot;:&quot;&quot;,&quot;id&quot;:&quot;&quot;,&quot;size&quot;:&quot;&quot;},&quot;wdt_bg_image_tablet&quot;:{&quot;url&quot;:&quot;&quot;,&quot;id&quot;:&quot;&quot;,&quot;size&quot;:&quot;&quot;},&quot;wdt_bg_image_mobile_extra&quot;:{&quot;url&quot;:&quot;&quot;,&quot;id&quot;:&quot;&quot;,&quot;size&quot;:&quot;&quot;},&quot;wdt_bg_image_mobile&quot;:{&quot;url&quot;:&quot;&quot;,&quot;id&quot;:&quot;&quot;,&quot;size&quot;:&quot;&quot;},&quot;wdt_bg_position&quot;:&quot;center center&quot;,&quot;wdt_animation_effect&quot;:&quot;none&quot;}\">\n\t\t\t\t\t\t<div class=\"elementor-container elementor-column-gap-extended\">\n\t\t\t\t\t<div class=\"elementor-column elementor-col-33 elementor-top-column elementor-element elementor-element-3b02a5e\" data-id=\"3b02a5e\" data-element_type=\"column\" data-e-type=\"column\">\n\t\t\t<div class=\"elementor-widget-wrap\">\n\t\t\t\t\t\t\t<\/div>\n\t\t<\/div>\n\t\t\t\t<div class=\"elementor-column elementor-col-33 elementor-top-column elementor-element elementor-element-84dae7b\" data-id=\"84dae7b\" data-element_type=\"column\" data-e-type=\"column\">\n\t\t\t<div class=\"elementor-widget-wrap elementor-element-populated\">\n\t\t\t\t\t\t<section class=\"elementor-section elementor-inner-section elementor-element elementor-element-78cc21b elementor-section-content-middle elementor-section-height-min-height elementor-section-boxed elementor-section-height-default\" data-id=\"78cc21b\" data-element_type=\"section\" data-e-type=\"section\" data-settings=\"{&quot;wdt_bg_image&quot;:{&quot;url&quot;:&quot;&quot;,&quot;id&quot;:&quot;&quot;,&quot;size&quot;:&quot;&quot;},&quot;wdt_bg_image_widescreen&quot;:{&quot;url&quot;:&quot;&quot;,&quot;id&quot;:&quot;&quot;,&quot;size&quot;:&quot;&quot;},&quot;wdt_bg_image_laptop&quot;:{&quot;url&quot;:&quot;&quot;,&quot;id&quot;:&quot;&quot;,&quot;size&quot;:&quot;&quot;},&quot;wdt_bg_image_tablet_extra&quot;:{&quot;url&quot;:&quot;&quot;,&quot;id&quot;:&quot;&quot;,&quot;size&quot;:&quot;&quot;},&quot;wdt_bg_image_tablet&quot;:{&quot;url&quot;:&quot;&quot;,&quot;id&quot;:&quot;&quot;,&quot;size&quot;:&quot;&quot;},&quot;wdt_bg_image_mobile_extra&quot;:{&quot;url&quot;:&quot;&quot;,&quot;id&quot;:&quot;&quot;,&quot;size&quot;:&quot;&quot;},&quot;wdt_bg_image_mobile&quot;:{&quot;url&quot;:&quot;&quot;,&quot;id&quot;:&quot;&quot;,&quot;size&quot;:&quot;&quot;},&quot;wdt_bg_position&quot;:&quot;center center&quot;,&quot;wdt_animation_effect&quot;:&quot;none&quot;}\">\n\t\t\t\t\t\t<div class=\"elementor-container elementor-column-gap-default\">\n\t\t\t\t\t<div class=\"elementor-column elementor-col-50 elementor-inner-column elementor-element elementor-element-2ff4f5a\" data-id=\"2ff4f5a\" data-element_type=\"column\" data-e-type=\"column\" data-settings=\"{&quot;background_background&quot;:&quot;classic&quot;}\">\n\t\t\t<div class=\"elementor-widget-wrap elementor-element-populated\">\n\t\t\t\t\t<div class=\"elementor-background-overlay\"><\/div>\n\t\t\t\t\t\t<div class=\"elementor-element elementor-element-f4d85d4 elementor-view-default elementor-widget elementor-widget-icon\" data-id=\"f4d85d4\" data-element_type=\"widget\" data-e-type=\"widget\" data-settings=\"{&quot;wdt_animation_effect&quot;:&quot;none&quot;}\" data-widget_type=\"icon.default\">\n\t\t\t\t<div class=\"elementor-widget-container\">\n\t\t\t\t\t\t\t<div class=\"elementor-icon-wrapper\">\n\t\t\t<div class=\"elementor-icon\">\n\t\t\t<i aria-hidden=\"true\" class=\"fas fa-map-marker-alt\"><\/i>\t\t\t<\/div>\n\t\t<\/div>\n\t\t\t\t\t\t<\/div>\n\t\t\t\t<\/div>\n\t\t\t\t\t<\/div>\n\t\t<\/div>\n\t\t\t\t<div class=\"elementor-column elementor-col-50 elementor-inner-column elementor-element elementor-element-7d6df34\" data-id=\"7d6df34\" data-element_type=\"column\" data-e-type=\"column\" data-settings=\"{&quot;background_background&quot;:&quot;classic&quot;}\">\n\t\t\t<div class=\"elementor-widget-wrap elementor-element-populated\">\n\t\t\t\t\t\t<div class=\"elementor-element elementor-element-61f373d elementor-widget elementor-widget-heading\" data-id=\"61f373d\" data-element_type=\"widget\" data-e-type=\"widget\" data-settings=\"{&quot;wdt_animation_effect&quot;:&quot;none&quot;}\" data-widget_type=\"heading.default\">\n\t\t\t\t<div class=\"elementor-widget-container\">\n\t\t\t\t\t<h4 class=\"elementor-heading-title elementor-size-default\">IONA GROUP<\/h4>\t\t\t\t<\/div>\n\t\t\t\t<\/div>\n\t\t\t\t<div class=\"elementor-element elementor-element-ae497d6 elementor-widget-laptop__width-initial elementor-widget elementor-widget-text-editor\" data-id=\"ae497d6\" data-element_type=\"widget\" data-e-type=\"widget\" data-settings=\"{&quot;wdt_animation_effect&quot;:&quot;none&quot;}\" data-widget_type=\"text-editor.default\">\n\t\t\t\t<div class=\"elementor-widget-container\">\n\t\t\t\t\t\t\t\t\t<b>Carrer d&#8217;en Muntaner, 53<\/b><br>\n07500 Manacor, Illes Balears<br>\n&#8212;\n<br>\nEmail: <b>info@ionagroup.es<\/b><br>\nTel: <b>+34 971 55 22 57<\/b><br>\n&#8212;<br>\n<b>Lunes a Jueves:<br>\n<\/b>08:00-14:00 &amp; 15:30-18:00<br>\n<b>Viernes<\/b>: 08:00 -14:30\t\t\t\t\t\t\t\t<\/div>\n\t\t\t\t<\/div>\n\t\t\t\t\t<\/div>\n\t\t<\/div>\n\t\t\t\t\t<\/div>\n\t\t<\/section>\n\t\t\t\t\t<\/div>\n\t\t<\/div>\n\t\t\t\t<div class=\"elementor-column elementor-col-33 elementor-top-column elementor-element elementor-element-a4a45ae\" data-id=\"a4a45ae\" data-element_type=\"column\" data-e-type=\"column\">\n\t\t\t<div class=\"elementor-widget-wrap\">\n\t\t\t\t\t\t\t<\/div>\n\t\t<\/div>\n\t\t\t\t\t<\/div>\n\t\t<\/section>\n\t\t\t\t<\/div>\n\t\t","protected":false},"excerpt":{"rendered":"<p>SOLUCIONES DE INGENIER\u00cdA A MEDIDA &#8212; P\u00e1gina en construcci\u00f3n\u00a1En breve la tendremos lista! IONA GROUP Carrer d&#8217;en Muntaner, 53 07500 Manacor, Illes Balears &#8212; Email: info@ionagroup.es Tel: +34 971 55 22 57 &#8212; Lunes a Jueves: 08:00-14:00 &amp; 15:30-18:00 Viernes: 08:00 -14:30<\/p>","protected":false},"author":1,"featured_media":1686,"parent":0,"menu_order":0,"comment_status":"closed","ping_status":"closed","template":"elementor_header_footer","meta":{"_monsterinsights_skip_tracking":false,"_monsterinsights_sitenote_active":false,"_monsterinsights_sitenote_note":"","_monsterinsights_sitenote_category":0,"footnotes":""},"class_list":["post-2979","page","type-page","status-publish","has-post-thumbnail","hentry"],"yoast_head":"<!-- This site is optimized with the Yoast SEO plugin v27.5 - https:\/\/yoast.com\/product\/yoast-seo-wordpress\/ -->\n<title>IONA - Soluciones de ingenier\u00eda a medida<\/title>\n<meta name=\"description\" content=\"Ubicados en Mallorca, esta ingenier\u00eda se compone de profesionales con m\u00e1s de 20 a\u00f1os de experiencia realizando proyectos destacados en la isla\" \/>\n<meta name=\"robots\" content=\"index, follow, max-snippet:-1, max-image-preview:large, max-video-preview:-1\" \/>\n<link rel=\"canonical\" href=\"https:\/\/www.ionagroup.es\/ru\/proximamente\/\" \/>\n<meta property=\"og:locale\" content=\"ru_RU\" \/>\n<meta property=\"og:type\" content=\"article\" \/>\n<meta property=\"og:title\" content=\"IONA - Soluciones de ingenier\u00eda a medida\" \/>\n<meta property=\"og:description\" content=\"Ubicados en Mallorca, esta ingenier\u00eda se compone de profesionales con m\u00e1s de 20 a\u00f1os de experiencia realizando proyectos destacados en la isla\" \/>\n<meta property=\"og:url\" content=\"https:\/\/www.ionagroup.es\/ru\/proximamente\/\" \/>\n<meta property=\"og:site_name\" content=\"IONA - Soluciones de ingenier\u00eda a medida\" \/>\n<meta property=\"article:modified_time\" content=\"2024-05-10T07:37:49+00:00\" \/>\n<meta property=\"og:image\" content=\"https:\/\/www.ionagroup.es\/wp-content\/uploads\/2024\/01\/1-7.jpg\" \/>\n\t<meta property=\"og:image:width\" content=\"1500\" \/>\n\t<meta property=\"og:image:height\" content=\"844\" \/>\n\t<meta property=\"og:image:type\" content=\"image\/jpeg\" \/>\n<meta name=\"twitter:card\" content=\"summary_large_image\" \/>\n<meta name=\"twitter:label1\" content=\"\u041f\u0440\u0438\u043c\u0435\u0440\u043d\u043e\u0435 \u0432\u0440\u0435\u043c\u044f \u0434\u043b\u044f \u0447\u0442\u0435\u043d\u0438\u044f\" \/>\n\t<meta name=\"twitter:data1\" content=\"1 \u043c\u0438\u043d\u0443\u0442\u0430\" \/>\n<script type=\"application\/ld+json\" class=\"yoast-schema-graph\">{\"@context\":\"https:\\\/\\\/schema.org\",\"@graph\":[{\"@type\":\"WebPage\",\"@id\":\"https:\\\/\\\/www.ionagroup.es\\\/proximamente\\\/\",\"url\":\"https:\\\/\\\/www.ionagroup.es\\\/proximamente\\\/\",\"name\":\"IONA - Soluciones de ingenier\u00eda a medida\",\"isPartOf\":{\"@id\":\"https:\\\/\\\/www.ionagroup.es\\\/#website\"},\"primaryImageOfPage\":{\"@id\":\"https:\\\/\\\/www.ionagroup.es\\\/proximamente\\\/#primaryimage\"},\"image\":{\"@id\":\"https:\\\/\\\/www.ionagroup.es\\\/proximamente\\\/#primaryimage\"},\"thumbnailUrl\":\"https:\\\/\\\/www.ionagroup.es\\\/wp-content\\\/uploads\\\/2024\\\/01\\\/1-7.jpg\",\"datePublished\":\"2024-05-10T07:03:52+00:00\",\"dateModified\":\"2024-05-10T07:37:49+00:00\",\"description\":\"Ubicados en Mallorca, esta ingenier\u00eda se compone de profesionales con m\u00e1s de 20 a\u00f1os de experiencia realizando proyectos destacados en la isla\",\"breadcrumb\":{\"@id\":\"https:\\\/\\\/www.ionagroup.es\\\/proximamente\\\/#breadcrumb\"},\"inLanguage\":\"ru-RU\",\"potentialAction\":[{\"@type\":\"ReadAction\",\"target\":[\"https:\\\/\\\/www.ionagroup.es\\\/proximamente\\\/\"]}]},{\"@type\":\"ImageObject\",\"inLanguage\":\"ru-RU\",\"@id\":\"https:\\\/\\\/www.ionagroup.es\\\/proximamente\\\/#primaryimage\",\"url\":\"https:\\\/\\\/www.ionagroup.es\\\/wp-content\\\/uploads\\\/2024\\\/01\\\/1-7.jpg\",\"contentUrl\":\"https:\\\/\\\/www.ionagroup.es\\\/wp-content\\\/uploads\\\/2024\\\/01\\\/1-7.jpg\",\"width\":1500,\"height\":844},{\"@type\":\"BreadcrumbList\",\"@id\":\"https:\\\/\\\/www.ionagroup.es\\\/proximamente\\\/#breadcrumb\",\"itemListElement\":[{\"@type\":\"ListItem\",\"position\":1,\"name\":\"Portada\",\"item\":\"https:\\\/\\\/www.ionagroup.es\\\/\"},{\"@type\":\"ListItem\",\"position\":2,\"name\":\"proximamente\"}]},{\"@type\":\"WebSite\",\"@id\":\"https:\\\/\\\/www.ionagroup.es\\\/#website\",\"url\":\"https:\\\/\\\/www.ionagroup.es\\\/\",\"name\":\"IONA - Soluciones de ingenier\u00eda a medida\",\"description\":\"Your SUPER-powered WP Engine Site\",\"publisher\":{\"@id\":\"https:\\\/\\\/www.ionagroup.es\\\/#organization\"},\"potentialAction\":[{\"@type\":\"SearchAction\",\"target\":{\"@type\":\"EntryPoint\",\"urlTemplate\":\"https:\\\/\\\/www.ionagroup.es\\\/?s={search_term_string}\"},\"query-input\":{\"@type\":\"PropertyValueSpecification\",\"valueRequired\":true,\"valueName\":\"search_term_string\"}}],\"inLanguage\":\"ru-RU\"},{\"@type\":\"Organization\",\"@id\":\"https:\\\/\\\/www.ionagroup.es\\\/#organization\",\"name\":\"IONA - Soluciones de ingenier\u00eda a medida\",\"url\":\"https:\\\/\\\/www.ionagroup.es\\\/\",\"logo\":{\"@type\":\"ImageObject\",\"inLanguage\":\"ru-RU\",\"@id\":\"https:\\\/\\\/www.ionagroup.es\\\/#\\\/schema\\\/logo\\\/image\\\/\",\"url\":\"https:\\\/\\\/www.ionagroup.es\\\/wp-content\\\/uploads\\\/2023\\\/12\\\/cropped-download-1.png\",\"contentUrl\":\"https:\\\/\\\/www.ionagroup.es\\\/wp-content\\\/uploads\\\/2023\\\/12\\\/cropped-download-1.png\",\"width\":640,\"height\":164,\"caption\":\"IONA - Soluciones de ingenier\u00eda a medida\"},\"image\":{\"@id\":\"https:\\\/\\\/www.ionagroup.es\\\/#\\\/schema\\\/logo\\\/image\\\/\"},\"sameAs\":[\"https:\\\/\\\/www.instagram.com\\\/iona_group\\\/\"]}]}<\/script>\n<!-- \/ Yoast SEO plugin. -->","yoast_head_json":{"title":"IONA - Soluciones de ingenier\u00eda a medida","description":"Ubicados en Mallorca, esta ingenier\u00eda se compone de profesionales con m\u00e1s de 20 a\u00f1os de experiencia realizando proyectos destacados en la isla","robots":{"index":"index","follow":"follow","max-snippet":"max-snippet:-1","max-image-preview":"max-image-preview:large","max-video-preview":"max-video-preview:-1"},"canonical":"https:\/\/www.ionagroup.es\/ru\/proximamente\/","og_locale":"ru_RU","og_type":"article","og_title":"IONA - Soluciones de ingenier\u00eda a medida","og_description":"Ubicados en Mallorca, esta ingenier\u00eda se compone de profesionales con m\u00e1s de 20 a\u00f1os de experiencia realizando proyectos destacados en la isla","og_url":"https:\/\/www.ionagroup.es\/ru\/proximamente\/","og_site_name":"IONA - Soluciones de ingenier\u00eda a medida","article_modified_time":"2024-05-10T07:37:49+00:00","og_image":[{"width":1500,"height":844,"url":"https:\/\/www.ionagroup.es\/wp-content\/uploads\/2024\/01\/1-7.jpg","type":"image\/jpeg"}],"twitter_card":"summary_large_image","twitter_misc":{"\u041f\u0440\u0438\u043c\u0435\u0440\u043d\u043e\u0435 \u0432\u0440\u0435\u043c\u044f \u0434\u043b\u044f \u0447\u0442\u0435\u043d\u0438\u044f":"1 \u043c\u0438\u043d\u0443\u0442\u0430"},"schema":{"@context":"https:\/\/schema.org","@graph":[{"@type":"WebPage","@id":"https:\/\/www.ionagroup.es\/proximamente\/","url":"https:\/\/www.ionagroup.es\/proximamente\/","name":"IONA - Soluciones de ingenier\u00eda a medida","isPartOf":{"@id":"https:\/\/www.ionagroup.es\/#website"},"primaryImageOfPage":{"@id":"https:\/\/www.ionagroup.es\/proximamente\/#primaryimage"},"image":{"@id":"https:\/\/www.ionagroup.es\/proximamente\/#primaryimage"},"thumbnailUrl":"https:\/\/www.ionagroup.es\/wp-content\/uploads\/2024\/01\/1-7.jpg","datePublished":"2024-05-10T07:03:52+00:00","dateModified":"2024-05-10T07:37:49+00:00","description":"Ubicados en Mallorca, esta ingenier\u00eda se compone de profesionales con m\u00e1s de 20 a\u00f1os de experiencia realizando proyectos destacados en la isla","breadcrumb":{"@id":"https:\/\/www.ionagroup.es\/proximamente\/#breadcrumb"},"inLanguage":"ru-RU","potentialAction":[{"@type":"ReadAction","target":["https:\/\/www.ionagroup.es\/proximamente\/"]}]},{"@type":"ImageObject","inLanguage":"ru-RU","@id":"https:\/\/www.ionagroup.es\/proximamente\/#primaryimage","url":"https:\/\/www.ionagroup.es\/wp-content\/uploads\/2024\/01\/1-7.jpg","contentUrl":"https:\/\/www.ionagroup.es\/wp-content\/uploads\/2024\/01\/1-7.jpg","width":1500,"height":844},{"@type":"BreadcrumbList","@id":"https:\/\/www.ionagroup.es\/proximamente\/#breadcrumb","itemListElement":[{"@type":"ListItem","position":1,"name":"Portada","item":"https:\/\/www.ionagroup.es\/"},{"@type":"ListItem","position":2,"name":"proximamente"}]},{"@type":"WebSite","@id":"https:\/\/www.ionagroup.es\/#website","url":"https:\/\/www.ionagroup.es\/","name":"IONA - Soluciones de ingenier\u00eda a medida","description":"Your SUPER-powered WP Engine Site","publisher":{"@id":"https:\/\/www.ionagroup.es\/#organization"},"potentialAction":[{"@type":"SearchAction","target":{"@type":"EntryPoint","urlTemplate":"https:\/\/www.ionagroup.es\/?s={search_term_string}"},"query-input":{"@type":"PropertyValueSpecification","valueRequired":true,"valueName":"search_term_string"}}],"inLanguage":"ru-RU"},{"@type":"Organization","@id":"https:\/\/www.ionagroup.es\/#organization","name":"IONA - Soluciones de ingenier\u00eda a medida","url":"https:\/\/www.ionagroup.es\/","logo":{"@type":"ImageObject","inLanguage":"ru-RU","@id":"https:\/\/www.ionagroup.es\/#\/schema\/logo\/image\/","url":"https:\/\/www.ionagroup.es\/wp-content\/uploads\/2023\/12\/cropped-download-1.png","contentUrl":"https:\/\/www.ionagroup.es\/wp-content\/uploads\/2023\/12\/cropped-download-1.png","width":640,"height":164,"caption":"IONA - Soluciones de ingenier\u00eda a medida"},"image":{"@id":"https:\/\/www.ionagroup.es\/#\/schema\/logo\/image\/"},"sameAs":["https:\/\/www.instagram.com\/iona_group\/"]}]}},"_links":{"self":[{"href":"https:\/\/www.ionagroup.es\/ru\/wp-json\/wp\/v2\/pages\/2979","targetHints":{"allow":["GET"]}}],"collection":[{"href":"https:\/\/www.ionagroup.es\/ru\/wp-json\/wp\/v2\/pages"}],"about":[{"href":"https:\/\/www.ionagroup.es\/ru\/wp-json\/wp\/v2\/types\/page"}],"author":[{"embeddable":true,"href":"https:\/\/www.ionagroup.es\/ru\/wp-json\/wp\/v2\/users\/1"}],"replies":[{"embeddable":true,"href":"https:\/\/www.ionagroup.es\/ru\/wp-json\/wp\/v2\/comments?post=2979"}],"version-history":[{"count":10,"href":"https:\/\/www.ionagroup.es\/ru\/wp-json\/wp\/v2\/pages\/2979\/revisions"}],"predecessor-version":[{"id":2999,"href":"https:\/\/www.ionagroup.es\/ru\/wp-json\/wp\/v2\/pages\/2979\/revisions\/2999"}],"wp:featuredmedia":[{"embeddable":true,"href":"https:\/\/www.ionagroup.es\/ru\/wp-json\/wp\/v2\/media\/1686"}],"wp:attachment":[{"href":"https:\/\/www.ionagroup.es\/ru\/wp-json\/wp\/v2\/media?parent=2979"}],"curies":[{"name":"wp","href":"https:\/\/api.w.org\/{rel}","templated":true}]}}